{"id":3342,"date":"2023-01-18T16:12:41","date_gmt":"2023-01-18T15:12:41","guid":{"rendered":"https:\/\/www.veloyellow.fr\/?post_type=product&#038;p=3342"},"modified":"2023-01-18T16:12:41","modified_gmt":"2023-01-18T15:12:41","slug":"vtt-serious-rockville-275-noir-gris-2021","status":"publish","type":"product","link":"https:\/\/www.veloyellow.fr\/index.php\/produit\/vtt-serious-rockville-275-noir-gris-2021\/","title":{"rendered":"VTT SERIOUS ROCKVILLE 27,5&Prime; Noir\/Gris 2021"},"content":{"rendered":"<p>Ce\u00a0<strong>VTT SERIOUS Rockville\u00a027,5&Prime;<\/strong>\u00a0offre aux cyclistes d\u00e9butants et exp\u00e9riment\u00e9s une\u00a0conduite \u00e9quilibr\u00e9e\u00a0et confortable, aussi bien sur la route que sur les chemins de terre.<\/p>\n<p>Il est dot\u00e9 d&rsquo;un \u00e9quipement fiable qui en fait un excellent VTT d&rsquo;entr\u00e9e de gamme surprenant\u00a0par sa grande polyvalence. Con\u00e7u autour d&rsquo;un cadre en aluminium robuste, le Rockville re\u00e7oit ainsi une transmission Shimano Tourney 21\u00a0vitesses permettant d&rsquo;envisager tous les profils de sorties, une fourche suspendue de 60\u00a0mm de d\u00e9battement parfaite pour\u00a0absorber efficacement les petits chocs,\u00a0et un syst\u00e8me de freinage V-brake Alhonga mordant.<\/p>\n<p>Un VTT semi-rigide qui offre un rapport qualit\u00e9-prix imbattable et qui se distingue\u00a0par son esth\u00e9tique, sa qualit\u00e9 de conception\u00a0et son confort de pilotage.<\/p>\n","protected":false},"excerpt":{"rendered":"<div class=\"productPageDetails_block\">\n<div class=\"productPageDetailsBlock_title\">Caract\u00e9ristiques<\/div>\n<div class=\"productPageDetailsBlock_content\">\n<p><strong>Couleur<\/strong>\u00a0: Noir, Gris<\/p>\n<p><strong>D\u00e9battement<\/strong>\u00a0: 60 mm<\/p>\n<p><strong>Garantie Cadre<\/strong>\u00a0: 10 ans<\/p>\n<p><strong>Garantie Pi\u00e8ces<\/strong>\u00a0: 2 ans<\/p>\n<p><strong>Mati\u00e8re<\/strong>\u00a0: Aluminium<\/p>\n<p><strong>P\u00e9dales Fournies<\/strong>\u00a0: Oui<\/p>\n<p><strong>Taille Cadre<\/strong>\u00a0: 38, 42, 46, 50, 54<\/p>\n<p><strong>Tailles de Roue<\/strong>\u00a0: 27,5&Prime;<\/p>\n<p><strong>Poids (Fabricant)<\/strong>\u00a0: 14,3 kg<\/p>\n<\/div>\n<\/div>\n<div class=\"productPageDetails_block\">\n<div class=\"productPageDetailsBlock_title\">Informations Techniques<\/div>\n<div class=\"productPageDetailsBlock_content\">\n<table>\n<tbody>\n<tr>\n<td><strong>Cadre<\/strong><\/td>\n<td>Aluminium<\/td>\n<\/tr>\n<tr>\n<td><strong>Fourche<\/strong><\/td>\n<td>Brave 420E, 60 mm de d\u00e9battement<\/td>\n<\/tr>\n<tr>\n<td><strong>Transmission<\/strong><\/td>\n<td>D\u00e9railleurs Shimano Tourney 3&#215;7 vitesses<br \/>\nP\u00e9dalier\u00a0Shimano Tourney, plateaux 24\/34\/42 dents, manivelles 170 mm<br \/>\nCassette\u00a0Shimano MF-TZ21, 14-28 dents<\/td>\n<\/tr>\n<tr>\n<td><strong>Freins<\/strong><\/td>\n<td>Freins\u00a0V-Brake\u00a0Alhonga HJ-805AD<\/td>\n<\/tr>\n<tr>\n<td><strong>Roues et pneus<\/strong><\/td>\n<td>Jantes Meghna\u00a0aluminium, 27,5&Prime;<br \/>\nPneus\u00a0Meghna MR-2620 27,5&#215;2,1&Prime;<\/td>\n<\/tr>\n<tr>\n<td><strong>Accessoires fournis<\/strong><\/td>\n<td>P\u00e9dales plastiques, \u00e9clairages (phare avant et feu arri\u00e8re), sonnette,\u00a0catadioptres\u00a0et documentation technique<\/td>\n<\/tr>\n<\/tbody>\n<\/table>\n<\/div>\n<\/div>\n","protected":false},"featured_media":3341,"comment_status":"open","ping_status":"closed","template":"","meta":[],"product_cat":[82],"product_tag":[],"class_list":["post-3342","product","type-product","status-publish","has-post-thumbnail","hentry","product_cat-vtt-loisirs"],"_links":{"self":[{"href":"https:\/\/www.veloyellow.fr\/index.php\/wp-json\/wp\/v2\/product\/3342","targetHints":{"allow":["GET"]}}],"collection":[{"href":"https:\/\/www.veloyellow.fr\/index.php\/wp-json\/wp\/v2\/product"}],"about":[{"href":"https:\/\/www.veloyellow.fr\/index.php\/wp-json\/wp\/v2\/types\/product"}],"replies":[{"embeddable":true,"href":"https:\/\/www.veloyellow.fr\/index.php\/wp-json\/wp\/v2\/comments?post=3342"}],"wp:featuredmedia":[{"embeddable":true,"href":"https:\/\/www.veloyellow.fr\/index.php\/wp-json\/wp\/v2\/media\/3341"}],"wp:attachment":[{"href":"https:\/\/www.veloyellow.fr\/index.php\/wp-json\/wp\/v2\/media?parent=3342"}],"wp:term":[{"taxonomy":"product_cat","embeddable":true,"href":"https:\/\/www.veloyellow.fr\/index.php\/wp-json\/wp\/v2\/product_cat?post=3342"},{"taxonomy":"product_tag","embeddable":true,"href":"https:\/\/www.veloyellow.fr\/index.php\/wp-json\/wp\/v2\/product_tag?post=3342"}],"curies":[{"name":"wp","href":"https:\/\/api.w.org\/{rel}","templated":true}]}}