{"id":429,"date":"2019-09-04T14:46:08","date_gmt":"2019-09-04T14:46:08","guid":{"rendered":"https:\/\/grandprix.qodeinteractive.com\/?post_type=product&#038;p=429"},"modified":"2023-01-03T00:13:38","modified_gmt":"2023-01-02T23:13:38","slug":"velo-de-course-ridley-fenix-c-disc-shimano-105-mix-34-50-noir-2022","status":"publish","type":"product","link":"https:\/\/www.veloyellow.fr\/index.php\/produit\/velo-de-course-ridley-fenix-c-disc-shimano-105-mix-34-50-noir-2022\/","title":{"rendered":"V\u00e9lo de Course RIDLEY FENIX C DISC Shimano 105 Mix 34\/50 Noir 2022"},"content":{"rendered":"<h1 class=\"productPageDetailsBlock_title\">Description<\/h1>\n<div class=\"productPageDetailsBlock_content\">En raison de retards dans les cha\u00eenes d\u2019approvisionnement mondiales, il est possible que le fabricant ait remplac\u00e9 certains composants des sp\u00e9cifications d\u2019origine par des composants de qualit\u00e9 \u00e9quivalente ou sup\u00e9rieure. Dans certains cas, le v\u00e9lo livr\u00e9 peut diff\u00e9rer des images.<br \/>\nLe\u00a0<strong>v\u00e9lo de course RIDLEY Fenix C\u00a0<\/strong>est un mod\u00e8le issu de la gamme Endurance de la marque belge, qu&rsquo;elle r\u00e9serve pour les longues sorties sur terrains difficiles !<br \/>\nLe design du cadre Fenix C a \u00e9t\u00e9 mis au point pour r\u00e9sister aux contraintes des routes les plus cahoteuses, comme les secteurs et monts pav\u00e9s du Nord, tout en affichant un grand confort gr\u00e2ce \u00e0 sa construyction en fibres de carbone haut module 24T, compromis parfait pour les coureurs recherchant \u00e0 la fois r\u00e9activit\u00e9 et souplesse.<br \/>\nCe cadre pr\u00e9sente un profil de tube diagonal particulier, qui \u00e9voque la forme d&rsquo;un diamant, avec des bords renforc\u00e9s \u00e0 l&rsquo;\u00e9preuve des impacts. C\u00f4t\u00e9 g\u00e9om\u00e9trie, on remarque les bases assez allong\u00e9es, qui assurent une excellente stabilit\u00e9 sur les routes difficiles, o\u00f9 le v\u00e9lo risque moins d&rsquo;\u00eatre secou\u00e9.<br \/>\nC\u00f4t\u00e9 \u00e9quipement, ce v\u00e9lo Fenix C\u00a0fait le choix de composants fiables Shimano 105 pour la transmission\u00a0avec un p\u00e9dalier compact RS510 et une cassette 11\/30, qui permettront\u00a0de grimper en souplesse. Des p\u00e9riph\u00e9riques et des roues\u00a0Forza compl\u00e9tent ce v\u00e9lo hyper polyvalent.<\/div>\n<div><\/div>\n<div>\n<div class=\"productPageDetails_block\">\n<h3 class=\"productPageDetailsBlock_title\">Caract\u00e9ristiques<\/h3>\n<div class=\"productPageDetailsBlock_content\">\n<p><strong>Ann\u00e9e du Mod\u00e8le<\/strong>\u00a0: 2022<\/p>\n<p><strong>Compatibilit\u00e9 \u00c9lectrique<\/strong>\u00a0: Non<\/p>\n<p><strong>Couleur<\/strong>\u00a0: Noir<\/p>\n<p><strong>Denture Cassette<\/strong>\u00a0: 11\/30<\/p>\n<p><strong>Denture Plateaux<\/strong>\u00a0: 34\/50<\/p>\n<p><strong>Diam\u00e8tre de la Tige de Selle<\/strong>\u00a0: 27,2 mm<\/p>\n<p><strong>Diam\u00e8tre du Collier de Selle<\/strong>\u00a0: 31,8 mm<\/p>\n<p><strong>Freinage<\/strong>\u00a0: Disque<\/p>\n<p><strong>Garantie Cadre<\/strong>\u00a0: 5 ans<\/p>\n<p><strong>Garantie Pi\u00e8ces<\/strong>\u00a0: 2 ans<\/p>\n<p><strong>Groupe<\/strong>\u00a0: Shimano 105<\/p>\n<p><strong>Largeur Max Pneu<\/strong>\u00a0: 28 mm<\/p>\n<p><strong>Mati\u00e8re<\/strong>\u00a0: Carbone<\/p>\n<p><strong>P\u00e9dales Fournies<\/strong>\u00a0: Oui<\/p>\n<p><strong>Profil Cadre<\/strong>\u00a0: Endurance<\/p>\n<p><strong>Taille Cadre<\/strong>\u00a0: XS, S, M, L<\/p>\n<p><strong>Type de Pratique<\/strong>\u00a0: Cyclosportif<\/p>\n<p><strong>Vitesses<\/strong>\u00a0: 11<\/p>\n<p><strong>Poids (Fabricant)<\/strong>\u00a0: 8,98 kg<\/p>\n<\/div>\n<\/div>\n<div class=\"productPageDetails_block\">\n<div class=\"productPageDetailsBlock_title\">Informations Techniques<\/div>\n<div class=\"productPageDetailsBlock_content\">\n<table>\n<tbody>\n<tr>\n<td colspan=\"2\"><strong>Kit Cadre<\/strong><\/td>\n<\/tr>\n<tr>\n<td>Cadre<\/td>\n<td>Fenix C, carbone unidirectionnel 24T HM<\/td>\n<\/tr>\n<tr>\n<td>Fourche<\/td>\n<td>Fenix C, carbone unidirectionnel 24T HM<\/td>\n<\/tr>\n<tr>\n<td>Jeu de direction<\/td>\n<td>NC<\/td>\n<\/tr>\n<tr>\n<td colspan=\"2\"><strong>Transmission<\/strong><\/td>\n<\/tr>\n<tr>\n<td>D\u00e9railleur avant<\/td>\n<td>Shimano 105 R7000, double<\/td>\n<\/tr>\n<tr>\n<td>D\u00e9railleur arri\u00e8re<\/td>\n<td>Shimano 105 R7000, 11 vitesses<\/td>\n<\/tr>\n<tr>\n<td>Commande de vitesses<\/td>\n<td>Shimano 105 R7000, 2x11V<\/td>\n<\/tr>\n<tr>\n<td>P\u00e9dalier<\/td>\n<td>Shimano RS510, plateaux 34\/50 dents<\/td>\n<\/tr>\n<tr>\n<td>Bo\u00eetier de p\u00e9dalier<\/td>\n<td>BSA 68 mm<\/td>\n<\/tr>\n<tr>\n<td>Cassette<\/td>\n<td>Shimano 105, 11\/30 dents<\/td>\n<\/tr>\n<tr>\n<td>Cha\u00eene<\/td>\n<td>KMC X11<\/td>\n<\/tr>\n<tr>\n<td>Freins<\/td>\n<td>Avant : Freins \u00e0 disques m\u00e9caniques TRP Spyre<br \/>\nArri\u00e8re :\u00a0Freins \u00e0 disques\u00a0m\u00e9caniques TRP Spyre<\/td>\n<\/tr>\n<tr>\n<td colspan=\"2\"><strong>Roues et pneus<\/strong><\/td>\n<\/tr>\n<tr>\n<td>Roues<\/td>\n<td>Forza Norte DB<\/td>\n<\/tr>\n<tr>\n<td>Pneus<\/td>\n<td>Vittoria Zaffiro V 700x25C<\/td>\n<\/tr>\n<tr>\n<td colspan=\"2\"><strong>P\u00e9riph\u00e9riques<\/strong><\/td>\n<\/tr>\n<tr>\n<td>Cintre<\/td>\n<td>Forza Stratos Compact<\/td>\n<\/tr>\n<tr>\n<td>Ruban de cintre<\/td>\n<td>Forza Stratos Noir<\/td>\n<\/tr>\n<tr>\n<td>Potence<\/td>\n<td>Forza Stratos<\/td>\n<\/tr>\n<tr>\n<td>Tige de selle<\/td>\n<td>Forza Stratos<\/td>\n<\/tr>\n<tr>\n<td>Selle<\/td>\n<td>Forza Stratos<\/td>\n<\/tr>\n<tr>\n<td><strong>Accessoires fournis<\/strong><\/td>\n<td>P\u00e9dales plastiques, \u00e9clairages (phare avant et feu arri\u00e8re), sonnette,\u00a0catadioptres\u00a0et documentation technique<\/td>\n<\/tr>\n<tr>\n<td><b>Poids total maximal autoris\u00e9<\/b><\/td>\n<td>NC<\/td>\n<\/tr>\n<\/tbody>\n<\/table>\n<\/div>\n<\/div>\n<div class=\"productPageDetails_block\">\n<div class=\"productPageDetailsBlock_title\">G\u00e9om\u00e9trie<\/div>\n<div class=\"productPageDetailsBlock_content\">\n<p><img decoding=\"async\" src=\"https:\/\/www.probikeshop.fr\/images\/visuels\/schemas-taille-velos\/schema_cadre_route.png\" alt=\"\" data-src=\"\/images\/visuels\/schemas-taille-velos\/schema_cadre_route.png\" \/><\/p>\n<table border=\"0\" cellspacing=\"0\" cellpadding=\"0\">\n<tbody>\n<tr>\n<td><strong>Taille<\/strong><\/td>\n<td><b>XXS (48)<\/b><\/td>\n<td><b>XS (51)<\/b><\/td>\n<td><b>S (54)<\/b><\/td>\n<td><b>M (57)<\/b><\/td>\n<td><b>L (60)<\/b><\/td>\n<td><b>XL (63)<\/b><\/td>\n<\/tr>\n<tr>\n<td><strong>A.<\/strong>\u00a0<strong>TopTube<\/strong><\/td>\n<td>515 mm<\/td>\n<td>525 mm<\/td>\n<td>545 mm<\/td>\n<td>565 mm<\/td>\n<td>585 mm<\/td>\n<td>600 mm<\/td>\n<\/tr>\n<tr>\n<td><strong>B.\u00a0Angle de direction<\/strong><\/td>\n<td>71,8\u00b0<\/td>\n<td>72\u00b0<\/td>\n<td>73\u00b0<\/td>\n<td>73,5\u00b0<\/td>\n<td>73,5\u00b0<\/td>\n<td>74\u00b0<\/td>\n<\/tr>\n<tr>\n<td><strong>C.<\/strong>\u00a0<strong>Angle de selle<\/strong><\/td>\n<td>75\u00b0<\/td>\n<td>74\u00b0<\/td>\n<td>73,5\u00b0<\/td>\n<td>73\u00b0<\/td>\n<td>72,5\u00b0<\/td>\n<td>72,5\u00b0<\/td>\n<\/tr>\n<tr>\n<td><strong>D.<\/strong><strong>\u00a0Tube de selle<\/strong><\/td>\n<td>450 mm<\/td>\n<td>480 mm<\/td>\n<td>510 mm<\/td>\n<td>540 mm<\/td>\n<td>570 mm<\/td>\n<td>600 mm<\/td>\n<\/tr>\n<tr>\n<td><strong>E.<\/strong><strong>\u00a0Bases<\/strong><\/td>\n<td>410 mm<\/td>\n<td>410 mm<\/td>\n<td>410 mm<\/td>\n<td>410 mm<\/td>\n<td>413 mm<\/td>\n<td>413 mm<\/td>\n<\/tr>\n<tr>\n<td><strong>F.\u00a0Douille Direction<\/strong><\/td>\n<td>107 mm<\/td>\n<td>127 mm<\/td>\n<td>142 mm<\/td>\n<td>172 mm<\/td>\n<td>202 mm<\/td>\n<td>227 mm<\/td>\n<\/tr>\n<tr>\n<td><strong>G.<\/strong><strong>\u00a0Empattement<\/strong><\/td>\n<td>975 mm<\/td>\n<td>975 mm<\/td>\n<td>982 mm<\/td>\n<td>992 mm<\/td>\n<td>1010 mm<\/td>\n<td>1019 mm<\/td>\n<\/tr>\n<tr>\n<td><strong>H.<\/strong>\u00a0<strong>Reach<\/strong><\/td>\n<td>379 mm<\/td>\n<td>374 mm<\/td>\n<td>384 mm<\/td>\n<td>392 mm<\/td>\n<td>396 mm<\/td>\n<td>403 mm<\/td>\n<\/tr>\n<tr>\n<td><strong>I.<\/strong>\u00a0<strong>Stack<\/strong><\/td>\n<td>507 mm<\/td>\n<td>527 mm<\/td>\n<td>242 mm<\/td>\n<td>573 mm<\/td>\n<td>599 mm<\/td>\n<td>624 mm<\/td>\n<\/tr>\n<tr>\n<td><strong>Longueur des manivelles<\/strong><\/td>\n<td>172,5 mm<\/td>\n<td>172,5 mm<\/td>\n<td>172,5 mm<\/td>\n<td>172,5 mm<\/td>\n<td>172,5 mm<\/td>\n<td>172,5 mm<\/td>\n<\/tr>\n<tr>\n<td><strong>Longueur de potence<\/strong><\/td>\n<td>110 mm<\/td>\n<td>110 mm<\/td>\n<td>110 mm<\/td>\n<td>120 mm<\/td>\n<td>120 mm<\/td>\n<td>120 mm<\/td>\n<\/tr>\n<tr>\n<td><strong>Largeur de cintre<\/strong><\/td>\n<td>400 mm<\/td>\n<td>400 mm<\/td>\n<td>420 mm<\/td>\n<td>420 mm<\/td>\n<td>420 mm<\/td>\n<td>420 mm<\/td>\n<\/tr>\n<\/tbody>\n<\/table>\n<\/div>\n<\/div>\n<\/div>\n","protected":false},"excerpt":{"rendered":"<div class=\"productPageDetailsBlock_title\"><strong>Points forts<\/strong><\/div>\n<div class=\"productPageDetailsBlock_content is-open\">+\u00a0La polyvalence ;<br \/>\n+\u00a0Le cadre robuste et dynamique ;<br \/>\n+\u00a0La fiabilit\u00e9 des composants Shimano 105 ;<br \/>\n+\u00a0La qualit\u00e9 sup\u00e9rieure des finitions et de la peinture ;<br \/>\n+\u00a0Les freins \u00e0 disques m\u00e9caniques TRP s\u00e9curisants.<\/div>\n","protected":false},"featured_media":2861,"comment_status":"open","ping_status":"closed","template":"","meta":[],"product_cat":[73,52],"product_tag":[39,55,58],"class_list":["post-429","product","type-product","status-publish","has-post-thumbnail","hentry","product_cat-velos-de-course","product_cat-velos-route","product_tag-fast","product_tag-ride","product_tag-sport"],"_links":{"self":[{"href":"https:\/\/www.veloyellow.fr\/index.php\/wp-json\/wp\/v2\/product\/429","targetHints":{"allow":["GET"]}}],"collection":[{"href":"https:\/\/www.veloyellow.fr\/index.php\/wp-json\/wp\/v2\/product"}],"about":[{"href":"https:\/\/www.veloyellow.fr\/index.php\/wp-json\/wp\/v2\/types\/product"}],"replies":[{"embeddable":true,"href":"https:\/\/www.veloyellow.fr\/index.php\/wp-json\/wp\/v2\/comments?post=429"}],"wp:featuredmedia":[{"embeddable":true,"href":"https:\/\/www.veloyellow.fr\/index.php\/wp-json\/wp\/v2\/media\/2861"}],"wp:attachment":[{"href":"https:\/\/www.veloyellow.fr\/index.php\/wp-json\/wp\/v2\/media?parent=429"}],"wp:term":[{"taxonomy":"product_cat","embeddable":true,"href":"https:\/\/www.veloyellow.fr\/index.php\/wp-json\/wp\/v2\/product_cat?post=429"},{"taxonomy":"product_tag","embeddable":true,"href":"https:\/\/www.veloyellow.fr\/index.php\/wp-json\/wp\/v2\/product_tag?post=429"}],"curies":[{"name":"wp","href":"https:\/\/api.w.org\/{rel}","templated":true}]}}